{"id":331,"date":"2018-11-21T12:26:36","date_gmt":"2018-11-21T11:26:36","guid":{"rendered":"http:\/\/ambiente.6316687737564.hostingkunde.de\/lage\/"},"modified":"2025-12-26T08:52:37","modified_gmt":"2025-12-26T07:52:37","slug":"location","status":"publish","type":"page","link":"http:\/\/arcosmarthotel.com\/en\/location\/","title":{"rendered":"Location"},"content":{"rendered":"<h2 style=\"text-align: center;\">Location Arco Smart Hotel Berlin<\/h2>\n<h3 style=\"text-align: center;\">Our hotel is situated in the centre of Berlin &#8211; near Wittenbergplatz &#8211; KaDeWe &#8211; Tauentzien &#8211; Kurf\u00fcrstendamm, and only three subway stations away from Potsdamer Platz and Brandenburg Gate.<\/h3>\n<p style=\"text-align: center;\">In the green surroundings of the nearby Viktoria-Luise-Platz you can find a rich variety of gastronomic specialties: including everything from normal pizzeria&#8217;s to 4-course-restaurants.<\/p>\n<p style=\"text-align: center;\">Numerous bars, clubs, and caf\u00e9s around the Nollendorfplatz, Fuggersta\u00dfe und Motzstra\u00dfe are only a few steps away.<\/p>\n","protected":false},"excerpt":{"rendered":"<p>Location Arco Smart Hotel Berlin Our hotel is situated in the centre of Berlin &#8211; near Wittenbergplatz &#8211; KaDeWe &#8211; Tauentzien &#8211; Kurf\u00fcrstendamm, and only three subway stations away from Potsdamer Platz and Brandenburg Gate. In the green surroundings of the nearby Viktoria-Luise-Platz you can find a rich variety of gastronomic specialties: including everything from [&hellip;]<\/p>\n","protected":false},"author":3,"featured_media":0,"parent":0,"menu_order":6,"comment_status":"closed","ping_status":"closed","template":"templates\/lage.php","meta":[],"acf":[],"_links":{"self":[{"href":"http:\/\/arcosmarthotel.com\/en\/wp-json\/wp\/v2\/pages\/331"}],"collection":[{"href":"http:\/\/arcosmarthotel.com\/en\/wp-json\/wp\/v2\/pages"}],"about":[{"href":"http:\/\/arcosmarthotel.com\/en\/wp-json\/wp\/v2\/types\/page"}],"author":[{"embeddable":true,"href":"http:\/\/arcosmarthotel.com\/en\/wp-json\/wp\/v2\/users\/3"}],"replies":[{"embeddable":true,"href":"http:\/\/arcosmarthotel.com\/en\/wp-json\/wp\/v2\/comments?post=331"}],"version-history":[{"count":13,"href":"http:\/\/arcosmarthotel.com\/en\/wp-json\/wp\/v2\/pages\/331\/revisions"}],"predecessor-version":[{"id":1458,"href":"http:\/\/arcosmarthotel.com\/en\/wp-json\/wp\/v2\/pages\/331\/revisions\/1458"}],"wp:attachment":[{"href":"http:\/\/arcosmarthotel.com\/en\/wp-json\/wp\/v2\/media?parent=331"}],"curies":[{"name":"wp","href":"https:\/\/api.w.org\/{rel}","templated":true}]}}